{"id":332,"date":"2019-05-03T19:04:59","date_gmt":"2019-05-03T19:04:59","guid":{"rendered":"http:\/\/ortspizza.com\/wordpress\/?page_id=332"},"modified":"2025-05-09T13:43:01","modified_gmt":"2025-05-09T13:43:01","slug":"produits-2","status":"publish","type":"page","link":"https:\/\/ortspizza.com\/wordpress\/produits-2\/","title":{"rendered":"Produits"},"content":{"rendered":"<div id=\"pl-332\"  class=\"panel-layout\" ><div id=\"pg-332-0\"  class=\"panel-grid panel-has-style\" ><div class=\"siteorigin-panels-stretch panel-row-style panel-row-style-for-332-0\" data-stretch-type=\"full\" ><div id=\"pgc-332-0-0\"  class=\"panel-grid-cell\" ><div id=\"panel-332-0-0-0\" class=\"so-panel widget widget_black-studio-tinymce widget_black_studio_tinymce panel-first-child panel-last-child\" data-index=\"0\" ><div class=\"textwidget\"><p style=\"text-align: center;\"><span class=\"\" style=\"display:block;clear:both;height: 0px;padding-top: 150px;border-top-width:0px;border-bottom-width:0px;\"><\/span><\/p>\n<p style=\"text-align: center;\"><span class=\"home-headline\">nos produits<\/span><\/p>\n<p style=\"text-align: center;\"><span class=\"home-sub\">tout pour vos pizzas maison<\/span><\/p>\n<p style=\"text-align: center;\"><span class=\"\" style=\"display:block;clear:both;height: 0px;padding-top: 200px;border-top-width:0px;border-bottom-width:0px;\"><\/span><\/p>\n<\/div><\/div><\/div><\/div><\/div><div id=\"pg-332-1\"  class=\"panel-grid panel-has-style\" ><div class=\"siteorigin-panels-stretch panel-row-style panel-row-style-for-332-1\" data-stretch-type=\"full\" ><div id=\"pgc-332-1-0\"  class=\"panel-grid-cell\" ><div id=\"panel-332-1-0-0\" class=\"so-panel widget widget_black-studio-tinymce widget_black_studio_tinymce panel-first-child\" data-index=\"1\" ><div class=\"textwidget\"><p style=\"text-align: center;\"><span class=\"\" style=\"display:block;clear:both;height: 0px;padding-top: 50px;border-top-width:0px;border-bottom-width:0px;\"><\/span><\/p>\n<p style=\"text-align: center;\"><span class=\"menutitle\">P\u00e2tes en boule<\/span><\/p>\n<p style=\"text-align: center;\"><span class=\"\" style=\"display:block;clear:both;height: 0px;padding-top: 10px;border-top-width:0px;border-bottom-width:0px;\"><\/span><\/p>\n<p style=\"text-align: center;\"><span class=\"menutext\">Paquet de 10 p\u00e2tes <\/span><\/p>\n<p style=\"text-align: center;\"><span class=\"\" style=\"display:block;clear:both;height: 0px;padding-top: 10px;border-top-width:0px;border-bottom-width:0px;\"><\/span><\/p>\n<p style=\"text-align: center;\"><strong>R\u00e9guli\u00e8res 220 gr.<\/strong> <span class=\"menuprice\">35$<\/span><\/p>\n<p style=\"text-align: center;\"><img loading=\"lazy\" decoding=\"async\" class=\"alignnone size-full wp-image-347\" src=\"http:\/\/ortspizza.com\/wordpress\/wp-content\/uploads\/2019\/05\/Ortspizza-patesenboule.jpg\" alt=\"Ortspizza-patesenboule\" width=\"250\" height=\"250\" srcset=\"https:\/\/ortspizza.com\/wordpress\/wp-content\/uploads\/2019\/05\/Ortspizza-patesenboule.jpg 250w, https:\/\/ortspizza.com\/wordpress\/wp-content\/uploads\/2019\/05\/Ortspizza-patesenboule-150x150.jpg 150w\" sizes=\"auto, (max-width: 250px) 100vw, 250px\" \/><\/p>\n<\/div><\/div><div id=\"panel-332-1-0-1\" class=\"so-panel widget widget_black-studio-tinymce widget_black_studio_tinymce panel-last-child\" data-index=\"2\" ><div class=\"textwidget\"><p style=\"text-align: center;\"><span class=\"\" style=\"display:block;clear:both;height: 0px;padding-top: 50px;border-top-width:0px;border-bottom-width:0px;\"><\/span><\/p>\n<p style=\"text-align: center;\"><span class=\"menutitle\">Sauce tomate<\/span><\/p>\n<p style=\"text-align: center;\"><span class=\"\" style=\"display:block;clear:both;height: 0px;padding-top: 25px;border-top-width:0px;border-bottom-width:0px;\"><\/span><\/p>\n<p style=\"text-align: center;\"><strong>500 ml\u00a0<\/strong>\u00a0<span class=\"menuprice\">15$<\/span><\/p>\n<p style=\"text-align: center;\"><strong>1 litre\u00a0<\/strong>\u00a0<span class=\"menuprice\">20$<\/span><\/p>\n<p><img loading=\"lazy\" decoding=\"async\" class=\"size-full wp-image-363 aligncenter\" src=\"http:\/\/ortspizza.com\/wordpress\/wp-content\/uploads\/2019\/05\/Ortspizza-sauce.jpg\" alt=\"Ortspizza-sauce\" width=\"250\" height=\"250\" srcset=\"https:\/\/ortspizza.com\/wordpress\/wp-content\/uploads\/2019\/05\/Ortspizza-sauce.jpg 250w, https:\/\/ortspizza.com\/wordpress\/wp-content\/uploads\/2019\/05\/Ortspizza-sauce-150x150.jpg 150w\" sizes=\"auto, (max-width: 250px) 100vw, 250px\" \/><\/p>\n<\/div><\/div><\/div><div id=\"pgc-332-1-1\"  class=\"panel-grid-cell\" ><div id=\"panel-332-1-1-0\" class=\"so-panel widget widget_black-studio-tinymce widget_black_studio_tinymce panel-first-child panel-last-child\" data-index=\"3\" ><div class=\"textwidget\"><p style=\"text-align: center;\"><span class=\"\" style=\"display:block;clear:both;height: 0px;padding-top: 50px;border-top-width:0px;border-bottom-width:0px;\"><\/span><\/p>\n<p style=\"text-align: center;\"><span class=\"menutitle\">P\u00e2tes pr\u00e9cuites<\/span><\/p>\n<p style=\"text-align: center;\"><span class=\"\" style=\"display:block;clear:both;height: 0px;padding-top: 10px;border-top-width:0px;border-bottom-width:0px;\"><\/span><\/p>\n<p style=\"text-align: center;\"><span class=\"menutext\">Paquet de 10 p\u00e2tes <\/span><\/p>\n<p style=\"text-align: center;\"><span class=\"\" style=\"display:block;clear:both;height: 0px;padding-top: 10px;border-top-width:0px;border-bottom-width:0px;\"><\/span><\/p>\n<p style=\"text-align: center;\"><strong>R\u00e9guli\u00e8res P<\/strong>\u00a0<span class=\"menuprice\">45$ \u00a0 \u00a0<\/span> <strong>M<\/strong>\u00a0<span class=\"menuprice\">60$ \u00a0 \u00a0<\/span> <strong>L<\/strong>\u00a0<span class=\"menuprice\">70$<\/span><\/p>\n<p style=\"text-align: center;\"><img loading=\"lazy\" decoding=\"async\" class=\"alignnone size-full wp-image-359\" src=\"http:\/\/ortspizza.com\/wordpress\/wp-content\/uploads\/2019\/05\/patesprecuites.jpg\" alt=\"patesprecuites\" width=\"250\" height=\"250\" srcset=\"https:\/\/ortspizza.com\/wordpress\/wp-content\/uploads\/2019\/05\/patesprecuites.jpg 250w, https:\/\/ortspizza.com\/wordpress\/wp-content\/uploads\/2019\/05\/patesprecuites-150x150.jpg 150w\" sizes=\"auto, (max-width: 250px) 100vw, 250px\" \/><\/p>\n<\/div><\/div><\/div><\/div><\/div><\/div>","protected":false},"excerpt":{"rendered":"<p>nos produits tout pour vos pizzas maison P\u00e2tes en boule Paquet de 10 p\u00e2tes R\u00e9guli\u00e8res 220 gr. 35$ Sauce tomate 500 ml\u00a0\u00a015$ 1 litre\u00a0\u00a020$ P\u00e2tes pr\u00e9cuites Paquet de 10 p\u00e2tes R\u00e9guli\u00e8res P\u00a045$ \u00a0 \u00a0 M\u00a060$ \u00a0 \u00a0 L\u00a070$<\/p>\n","protected":false},"author":1,"featured_media":0,"parent":0,"menu_order":0,"comment_status":"closed","ping_status":"closed","template":"full-width-page.php","meta":{"footnotes":""},"class_list":["post-332","page","type-page","status-publish","hentry"],"_links":{"self":[{"href":"https:\/\/ortspizza.com\/wordpress\/wp-json\/wp\/v2\/pages\/332","targetHints":{"allow":["GET"]}}],"collection":[{"href":"https:\/\/ortspizza.com\/wordpress\/wp-json\/wp\/v2\/pages"}],"about":[{"href":"https:\/\/ortspizza.com\/wordpress\/wp-json\/wp\/v2\/types\/page"}],"author":[{"embeddable":true,"href":"https:\/\/ortspizza.com\/wordpress\/wp-json\/wp\/v2\/users\/1"}],"replies":[{"embeddable":true,"href":"https:\/\/ortspizza.com\/wordpress\/wp-json\/wp\/v2\/comments?post=332"}],"version-history":[{"count":51,"href":"https:\/\/ortspizza.com\/wordpress\/wp-json\/wp\/v2\/pages\/332\/revisions"}],"predecessor-version":[{"id":615,"href":"https:\/\/ortspizza.com\/wordpress\/wp-json\/wp\/v2\/pages\/332\/revisions\/615"}],"wp:attachment":[{"href":"https:\/\/ortspizza.com\/wordpress\/wp-json\/wp\/v2\/media?parent=332"}],"curies":[{"name":"wp","href":"https:\/\/api.w.org\/{rel}","templated":true}]}}